{"id":2760,"date":"2023-02-02T14:25:47","date_gmt":"2023-02-02T11:25:47","guid":{"rendered":"https:\/\/www.akerman.ee\/?page_id=2760"},"modified":"2023-02-10T10:49:05","modified_gmt":"2023-02-10T07:49:05","slug":"faq","status":"publish","type":"page","link":"https:\/\/www.akerman.ee\/de\/faq\/","title":{"rendered":"FAQ"},"content":{"rendered":"<div data-elementor-type=\"wp-page\" data-elementor-id=\"2760\" class=\"elementor elementor-2760\">\n\t\t\t\t\t\t\t\t\t<section class=\"elementor-section elementor-top-section elementor-element elementor-element-02944aa elementor-section-height-min-height elementor-section-boxed elementor-section-height-default elementor-section-items-middle\" data-id=\"02944aa\" data-element_type=\"section\" data-settings=\"{&quot;background_background&quot;:&quot;classic&quot;}\">\n\t\t\t\t\t\t\t<div class=\"elementor-background-overlay\"><\/div>\n\t\t\t\t\t\t\t<div class=\"elementor-container elementor-column-gap-default\">\n\t\t\t\t\t<div class=\"elementor-column elementor-col-100 elementor-top-column elementor-element elementor-element-fa5888e\" data-id=\"fa5888e\" data-element_type=\"column\">\n\t\t\t<div class=\"elementor-widget-wrap elementor-element-populated\">\n\t\t\t\t\t\t\t\t<div class=\"elementor-element elementor-element-67a8469 elementor-widget elementor-widget-heading\" data-id=\"67a8469\" data-element_type=\"widget\" data-widget_type=\"heading.default\">\n\t\t\t\t<div class=\"elementor-widget-container\">\n\t\t\t<style>\/*! elementor - v3.10.2 - 29-01-2023 *\/\n.elementor-heading-title{padding:0;margin:0;line-height:1}.elementor-widget-heading .elementor-heading-title[class*=elementor-size-]>a{color:inherit;font-size:inherit;line-height:inherit}.elementor-widget-heading .elementor-heading-title.elementor-size-small{font-size:15px}.elementor-widget-heading .elementor-heading-title.elementor-size-medium{font-size:19px}.elementor-widget-heading .elementor-heading-title.elementor-size-large{font-size:29px}.elementor-widget-heading .elementor-heading-title.elementor-size-xl{font-size:39px}.elementor-widget-heading .elementor-heading-title.elementor-size-xxl{font-size:59px}<\/style><h1 class=\"elementor-heading-title elementor-size-default\">FAQ<\/h1>\t\t<\/div>\n\t\t\t\t<\/div>\n\t\t\t\t\t<\/div>\n\t\t<\/div>\n\t\t\t\t\t\t\t<\/div>\n\t\t<\/section>\n\t\t\t\t<section class=\"elementor-section elementor-top-section elementor-element elementor-element-df8166f elementor-section-content-middle elementor-section-boxed elementor-section-height-default elementor-section-height-default\" data-id=\"df8166f\" data-element_type=\"section\">\n\t\t\t\t\t\t<div class=\"elementor-container elementor-column-gap-default\">\n\t\t\t\t\t<div class=\"elementor-column elementor-col-50 elementor-top-column elementor-element elementor-element-670b1fb\" data-id=\"670b1fb\" data-element_type=\"column\">\n\t\t\t<div class=\"elementor-widget-wrap elementor-element-populated\">\n\t\t\t\t\t\t\t\t<div class=\"elementor-element elementor-element-1377f3d elementor-widget elementor-widget-toggle\" data-id=\"1377f3d\" data-element_type=\"widget\" data-widget_type=\"toggle.default\">\n\t\t\t\t<div class=\"elementor-widget-container\">\n\t\t\t<style>.elementor-toggle{text-align:left}.elementor-toggle .elementor-tab-title{font-weight:700;line-height:1;margin:0;padding:15px;border-bottom:1px solid #d4d4d4;cursor:pointer;outline:none}.elementor-toggle .elementor-tab-title .elementor-toggle-icon{display:inline-block;width:1em}.elementor-toggle .elementor-tab-title .elementor-toggle-icon svg{-webkit-margin-start:-5px;margin-inline-start:-5px;width:1em;height:1em}.elementor-toggle .elementor-tab-title .elementor-toggle-icon.elementor-toggle-icon-right{float:right;text-align:right}.elementor-toggle .elementor-tab-title .elementor-toggle-icon.elementor-toggle-icon-left{float:left;text-align:left}.elementor-toggle .elementor-tab-title .elementor-toggle-icon .elementor-toggle-icon-closed{display:block}.elementor-toggle .elementor-tab-title .elementor-toggle-icon .elementor-toggle-icon-opened{display:none}.elementor-toggle .elementor-tab-title.elementor-active{border-bottom:none}.elementor-toggle .elementor-tab-title.elementor-active .elementor-toggle-icon-closed{display:none}.elementor-toggle .elementor-tab-title.elementor-active .elementor-toggle-icon-opened{display:block}.elementor-toggle .elementor-tab-content{padding:15px;border-bottom:1px solid #d4d4d4;display:none}@media (max-width:767px){.elementor-toggle .elementor-tab-title{padding:12px}.elementor-toggle .elementor-tab-content{padding:12px 10px}}.e-con-inner>.elementor-widget-toggle,.e-con>.elementor-widget-toggle{width:var(--container-widget-width);--flex-grow:var(--container-widget-flex-grow)}<\/style>\t\t<div class=\"elementor-toggle\" role=\"tablist\">\n\t\t\t\t\t\t\t<div class=\"elementor-toggle-item\">\n\t\t\t\t\t<div id=\"elementor-tab-title-2041\" class=\"elementor-tab-title\" data-tab=\"1\" role=\"tab\" aria-controls=\"elementor-tab-content-2041\" aria-expanded=\"false\">\n\t\t\t\t\t\t\t\t\t\t\t\t<span class=\"elementor-toggle-icon elementor-toggle-icon-left\" aria-hidden=\"true\">\n\t\t\t\t\t\t\t\t\t\t\t\t\t\t\t<span class=\"elementor-toggle-icon-closed\"><i class=\"fas fa-caret-right\"><\/i><\/span>\n\t\t\t\t\t\t\t\t<span class=\"elementor-toggle-icon-opened\"><i class=\"elementor-toggle-icon-opened fas fa-caret-up\"><\/i><\/span>\n\t\t\t\t\t\t\t\t\t\t\t\t\t<\/span>\n\t\t\t\t\t\t\t\t\t\t\t\t<a href=\"\" class=\"elementor-toggle-title\">Was bedeutet Arbeitskr\u00e4fte\u00fcberlassung?<\/a>\n\t\t\t\t\t<\/div>\n\n\t\t\t\t\t<div id=\"elementor-tab-content-2041\" class=\"elementor-tab-content elementor-clearfix\" data-tab=\"1\" role=\"tabpanel\" aria-labelledby=\"elementor-tab-title-2041\"><p>Die Arbeitskr\u00e4fte\u00fcberlassung ist die Rekrutierung erforderlicher Arbeitskr\u00e4fte von einem anderen Unternehmen, um Ihre Arbeit auszuf\u00fchren.<\/p><\/div>\n\t\t\t\t<\/div>\n\t\t\t\t\t\t\t<div class=\"elementor-toggle-item\">\n\t\t\t\t\t<div id=\"elementor-tab-title-2042\" class=\"elementor-tab-title\" data-tab=\"2\" role=\"tab\" aria-controls=\"elementor-tab-content-2042\" aria-expanded=\"false\">\n\t\t\t\t\t\t\t\t\t\t\t\t<span class=\"elementor-toggle-icon elementor-toggle-icon-left\" aria-hidden=\"true\">\n\t\t\t\t\t\t\t\t\t\t\t\t\t\t\t<span class=\"elementor-toggle-icon-closed\"><i class=\"fas fa-caret-right\"><\/i><\/span>\n\t\t\t\t\t\t\t\t<span class=\"elementor-toggle-icon-opened\"><i class=\"elementor-toggle-icon-opened fas fa-caret-up\"><\/i><\/span>\n\t\t\t\t\t\t\t\t\t\t\t\t\t<\/span>\n\t\t\t\t\t\t\t\t\t\t\t\t<a href=\"\" class=\"elementor-toggle-title\">Wie funktioniert die Arbeitskr\u00e4fte\u00fcberlassung? <\/a>\n\t\t\t\t\t<\/div>\n\n\t\t\t\t\t<div id=\"elementor-tab-content-2042\" class=\"elementor-tab-content elementor-clearfix\" data-tab=\"2\" role=\"tabpanel\" aria-labelledby=\"elementor-tab-title-2042\"><p>Sie geben an, wie viel Arbeitskr\u00e4fte Sie ben\u00f6tigen und \u00fcber welche Qualifikationen diese verf\u00fcgen m\u00fcssen. Wir suchen Mitarbeiter mit den entsprechenden Qualifikationen f\u00fcr Sie und nehmen sie offiziell in unser Team auf. Die Mitarbeiter werden auf der Grundlage des Leiharbeitsvertrags an Ihrem Standort\/in Ihrer Produktion arbeiten. Was k\u00f6nnte einfacher sein!<\/p><p>Da die Mitarbeiter offiziell in unserem Unternehmen angestellt sind und Sie sie leihen, m\u00fcssen Sie sich nicht um die Aufgaben und Verpflichtungen eines Arbeitgebers k\u00fcmmern. Wenn Sie mit einem Mitarbeiter nicht zufrieden sind, schicken wir Ihnen einen neuen.<\/p><\/div>\n\t\t\t\t<\/div>\n\t\t\t\t\t\t\t<div class=\"elementor-toggle-item\">\n\t\t\t\t\t<div id=\"elementor-tab-title-2043\" class=\"elementor-tab-title\" data-tab=\"3\" role=\"tab\" aria-controls=\"elementor-tab-content-2043\" aria-expanded=\"false\">\n\t\t\t\t\t\t\t\t\t\t\t\t<span class=\"elementor-toggle-icon elementor-toggle-icon-left\" aria-hidden=\"true\">\n\t\t\t\t\t\t\t\t\t\t\t\t\t\t\t<span class=\"elementor-toggle-icon-closed\"><i class=\"fas fa-caret-right\"><\/i><\/span>\n\t\t\t\t\t\t\t\t<span class=\"elementor-toggle-icon-opened\"><i class=\"elementor-toggle-icon-opened fas fa-caret-up\"><\/i><\/span>\n\t\t\t\t\t\t\t\t\t\t\t\t\t<\/span>\n\t\t\t\t\t\t\t\t\t\t\t\t<a href=\"\" class=\"elementor-toggle-title\">F\u00fcr wen eignet sich Leiharbeit?<\/a>\n\t\t\t\t\t<\/div>\n\n\t\t\t\t\t<div id=\"elementor-tab-content-2043\" class=\"elementor-tab-content elementor-clearfix\" data-tab=\"3\" role=\"tabpanel\" aria-labelledby=\"elementor-tab-title-2043\"><p><strong>Sie ist f\u00fcr Sie geeignet, wenn:<\/strong><\/p><ul><li>Sie dringend Arbeitskr\u00e4fte auf Zeit ben\u00f6tigen;<\/li><li>Sie nicht wissen, wo und wie Sie Arbeitskr\u00e4fte finden k\u00f6nnen;<\/li><li>Sie nicht mehr Mitarbeiter in Ihrem Unternehmen einstellen und f\u00fcr diese verantwortlich sein m\u00f6chten;<\/li><li>Sie Angst haben, mit ausl\u00e4ndischen Arbeitnehmern zusammenzuarbeiten;<\/li><li>Sie es leid sind, Zeit und Energie mit der Suche und Auswahl von Mitarbeitern zu verschwenden.<\/li><\/ul><\/div>\n\t\t\t\t<\/div>\n\t\t\t\t\t\t\t<div class=\"elementor-toggle-item\">\n\t\t\t\t\t<div id=\"elementor-tab-title-2044\" class=\"elementor-tab-title\" data-tab=\"4\" role=\"tab\" aria-controls=\"elementor-tab-content-2044\" aria-expanded=\"false\">\n\t\t\t\t\t\t\t\t\t\t\t\t<span class=\"elementor-toggle-icon elementor-toggle-icon-left\" aria-hidden=\"true\">\n\t\t\t\t\t\t\t\t\t\t\t\t\t\t\t<span class=\"elementor-toggle-icon-closed\"><i class=\"fas fa-caret-right\"><\/i><\/span>\n\t\t\t\t\t\t\t\t<span class=\"elementor-toggle-icon-opened\"><i class=\"elementor-toggle-icon-opened fas fa-caret-up\"><\/i><\/span>\n\t\t\t\t\t\t\t\t\t\t\t\t\t<\/span>\n\t\t\t\t\t\t\t\t\t\t\t\t<a href=\"\" class=\"elementor-toggle-title\">Welche Vorteile bietet die Einstellung von Leiharbeitskr\u00e4ften? <\/a>\n\t\t\t\t\t<\/div>\n\n\t\t\t\t\t<div id=\"elementor-tab-content-2044\" class=\"elementor-tab-content elementor-clearfix\" data-tab=\"4\" role=\"tabpanel\" aria-labelledby=\"elementor-tab-title-2044\"><ul><li>Sparen von Zeit und Aufwand \u2013 Sie m\u00fcssen nicht selbst Personal suchen und ausw\u00e4hlen<\/li><li>Reduzierung der Personalkosten<\/li><li>Minimierung der Steuerlast des Unternehmens mit jeder eingestellten Leiharbeitskraft<\/li><li>Schutz des Unternehmens vor Bu\u00dfgeldern und vor Klagen von Mitarbeitern<\/li><li>Erh\u00f6hung der Anzahl der arbeitenden H\u00e4nde, ohne die zahlenm\u00e4\u00dfige Zusammensetzung des Betriebspersonals zu \u00e4ndern<\/li><li>Legaler Einsatz von Leiharbeitern und g\u00fcnstigen Arbeitsmigranten<\/li><\/ul><\/div>\n\t\t\t\t<\/div>\n\t\t\t\t\t\t\t<div class=\"elementor-toggle-item\">\n\t\t\t\t\t<div id=\"elementor-tab-title-2045\" class=\"elementor-tab-title\" data-tab=\"5\" role=\"tab\" aria-controls=\"elementor-tab-content-2045\" aria-expanded=\"false\">\n\t\t\t\t\t\t\t\t\t\t\t\t<span class=\"elementor-toggle-icon elementor-toggle-icon-left\" aria-hidden=\"true\">\n\t\t\t\t\t\t\t\t\t\t\t\t\t\t\t<span class=\"elementor-toggle-icon-closed\"><i class=\"fas fa-caret-right\"><\/i><\/span>\n\t\t\t\t\t\t\t\t<span class=\"elementor-toggle-icon-opened\"><i class=\"elementor-toggle-icon-opened fas fa-caret-up\"><\/i><\/span>\n\t\t\t\t\t\t\t\t\t\t\t\t\t<\/span>\n\t\t\t\t\t\t\t\t\t\t\t\t<a href=\"\" class=\"elementor-toggle-title\">Was kostet die Arbeitnehmer\u00fcberlassung? <\/a>\n\t\t\t\t\t<\/div>\n\n\t\t\t\t\t<div id=\"elementor-tab-content-2045\" class=\"elementor-tab-content elementor-clearfix\" data-tab=\"5\" role=\"tabpanel\" aria-labelledby=\"elementor-tab-title-2045\"><p>Der Preis f\u00fcr die Leiharbeit wird f\u00fcr jeden Arbeitgeber individuell berechnet, denn die Berechnung des Preises richtet sich nach der ben\u00f6tigten Anzahl der Mitarbeiter, deren Qualifikation und dem Arbeitsaufwand, den sie leisten m\u00fcssen. Eines ist sicher, es ist nicht teurer als ein lokaler qualifizierter Arbeiter.<\/p><\/div>\n\t\t\t\t<\/div>\n\t\t\t\t\t\t\t\t<\/div>\n\t\t\t\t<\/div>\n\t\t\t\t<\/div>\n\t\t\t\t\t<\/div>\n\t\t<\/div>\n\t\t\t\t<div class=\"elementor-column elementor-col-50 elementor-top-column elementor-element elementor-element-61c1325\" data-id=\"61c1325\" data-element_type=\"column\">\n\t\t\t<div class=\"elementor-widget-wrap elementor-element-populated\">\n\t\t\t\t\t\t\t\t<div class=\"elementor-element elementor-element-5d6d5e7 elementor-widget elementor-widget-image\" data-id=\"5d6d5e7\" data-element_type=\"widget\" data-widget_type=\"image.default\">\n\t\t\t\t<div class=\"elementor-widget-container\">\n\t\t\t<style>\/*! elementor - v3.10.2 - 29-01-2023 *\/\n.elementor-widget-image{text-align:center}.elementor-widget-image a{display:inline-block}.elementor-widget-image a img[src$=\".svg\"]{width:48px}.elementor-widget-image img{vertical-align:middle;display:inline-block}<\/style>\t\t\t\t\t\t\t\t\t\t\t\t<img decoding=\"async\" width=\"1125\" height=\"750\" src=\"https:\/\/www.akerman.ee\/wp-content\/uploads\/2023\/02\/pexels-photo-7793699.webp\" class=\"attachment-full size-full wp-image-2783\" alt=\"\" loading=\"lazy\" srcset=\"https:\/\/www.akerman.ee\/wp-content\/uploads\/2023\/02\/pexels-photo-7793699.webp 1125w, https:\/\/www.akerman.ee\/wp-content\/uploads\/2023\/02\/pexels-photo-7793699-300x200.webp 300w, https:\/\/www.akerman.ee\/wp-content\/uploads\/2023\/02\/pexels-photo-7793699-1024x683.webp 1024w, https:\/\/www.akerman.ee\/wp-content\/uploads\/2023\/02\/pexels-photo-7793699-768x512.webp 768w\" sizes=\"(max-width: 1125px) 100vw, 1125px\" \/>\t\t\t\t\t\t\t\t\t\t\t\t\t\t\t<\/div>\n\t\t\t\t<\/div>\n\t\t\t\t\t<\/div>\n\t\t<\/div>\n\t\t\t\t\t\t\t<\/div>\n\t\t<\/section>\n\t\t\t\t\t\t\t<\/div>","protected":false},"excerpt":{"rendered":"<p>\u041e\u0442\u0432\u0435\u0442\u044b \u043d\u0430 \u0432\u0430\u0448\u0438 \u0432\u043e\u043f\u0440\u043e\u0441\u044b \u0427\u0442\u043e \u0442\u0430\u043a\u043e\u0435 \u0430\u0440\u0435\u043d\u0434\u0430 \u0440\u0430\u0431\u043e\u0442\u043d\u0438\u043a\u043e\u0432? \u0410\u0440\u0435\u043d\u0434\u0430 \u0440\u0430\u0431\u043e\u0442\u043d\u0438\u043a\u043e\u0432 \u2014 \u044d\u0442\u043e \u043f\u0440\u043e\u0446\u0435\u0441\u0441 \u043d\u0430\u0439\u043c\u0430 \u043d\u0435\u043e\u0431\u0445\u043e\u0434\u0438\u043c\u043e\u0439 \u0432\u0430\u043c \u0440\u0430\u0431\u043e\u0447\u0435\u0439 \u0441\u0438\u043b\u044b \u0443 \u0434\u0440\u0443\u0433\u043e\u0439 \u043a\u043e\u043c\u043f\u0430\u043d\u0438\u0438 \u0434\u043b\u044f \u0432\u044b\u043f\u043e\u043b\u043d\u0435\u043d\u0438\u044f \u0432\u0430\u0448\u0435\u0439 \u0440\u0430\u0431\u043e\u0442\u044b. \u041a\u0430\u043a \u043f\u0440\u043e\u0438\u0441\u0445\u043e\u0434\u0438\u0442 \u0430\u0440\u0435\u043d\u0434\u0430 \u0440\u0430\u0431\u043e\u0442\u043d\u0438\u043a\u043e\u0432? \u0412\u044b \u0441\u043e\u043e\u0431\u0449\u0430\u0435\u0442\u0435, \u0441\u043a\u043e\u043b\u044c\u043a\u043e \u0440\u0430\u0431\u043e\u0447\u0435\u0439 \u0441\u0438\u043b\u044b \u0432\u0430\u043c \u0442\u0440\u0435\u0431\u0443\u0435\u0442\u0441\u044f \u0438 \u0441 \u043a\u0430\u043a\u043e\u0439 \u043a\u0432\u0430\u043b\u0438\u0444\u0438\u043a\u0430\u0446\u0438\u0435\u0439. \u041c\u044b \u043d\u0430\u0445\u043e\u0434\u0438\u043c \u0434\u043b\u044f \u0432\u0430\u0441 \u043f\u0435\u0440\u0441\u043e\u043d\u0430\u043b \u0441 \u043f\u043e\u0434\u0445\u043e\u0434\u044f\u0449\u0435\u0439 \u043a\u0432\u0430\u043b\u0438\u0444\u0438\u043a\u0430\u0446\u0438\u0435\u0439 \u0438 \u043e\u0444\u0438\u0446\u0438\u0430\u043b\u044c\u043d\u043e \u043e\u0444\u043e\u0440\u043c\u043b\u044f\u0435\u043c \u0435\u0433\u043e \u0432 \u043d\u0430\u0448 \u0448\u0442\u0430\u0442. &hellip;<\/p>\n<p class=\"read-more\"> <a class=\"\" href=\"https:\/\/www.akerman.ee\/de\/faq\/\"> <span class=\"screen-reader-text\">FAQ<\/span> Weiterlesen &raquo;<\/a><\/p>","protected":false},"author":1,"featured_media":2643,"parent":0,"menu_order":0,"comment_status":"closed","ping_status":"closed","template":"","meta":{"site-sidebar-layout":"no-sidebar","site-content-layout":"page-builder","ast-global-header-display":"","ast-main-header-display":"","ast-hfb-above-header-display":"","ast-hfb-below-header-display":"","ast-hfb-mobile-header-display":"","site-post-title":"disabled","ast-breadcrumbs-content":"","ast-featured-img":"disabled","footer-sml-layout":"","theme-transparent-header-meta":"","adv-header-id-meta":"","stick-header-meta":"","header-above-stick-meta":"","header-main-stick-meta":"","header-below-stick-meta":""},"_links":{"self":[{"href":"https:\/\/www.akerman.ee\/de\/wp-json\/wp\/v2\/pages\/2760"}],"collection":[{"href":"https:\/\/www.akerman.ee\/de\/wp-json\/wp\/v2\/pages"}],"about":[{"href":"https:\/\/www.akerman.ee\/de\/wp-json\/wp\/v2\/types\/page"}],"author":[{"embeddable":true,"href":"https:\/\/www.akerman.ee\/de\/wp-json\/wp\/v2\/users\/1"}],"replies":[{"embeddable":true,"href":"https:\/\/www.akerman.ee\/de\/wp-json\/wp\/v2\/comments?post=2760"}],"version-history":[{"count":32,"href":"https:\/\/www.akerman.ee\/de\/wp-json\/wp\/v2\/pages\/2760\/revisions"}],"predecessor-version":[{"id":2826,"href":"https:\/\/www.akerman.ee\/de\/wp-json\/wp\/v2\/pages\/2760\/revisions\/2826"}],"wp:featuredmedia":[{"embeddable":true,"href":"https:\/\/www.akerman.ee\/de\/wp-json\/wp\/v2\/media\/2643"}],"wp:attachment":[{"href":"https:\/\/www.akerman.ee\/de\/wp-json\/wp\/v2\/media?parent=2760"}],"curies":[{"name":"wp","href":"https:\/\/api.w.org\/{rel}","templated":true}]}}