{"id":2760,"date":"2023-02-02T14:25:47","date_gmt":"2023-02-02T11:25:47","guid":{"rendered":"https:\/\/www.akerman.ee\/?page_id=2760"},"modified":"2023-02-10T10:49:05","modified_gmt":"2023-02-10T07:49:05","slug":"faq","status":"publish","type":"page","link":"https:\/\/www.akerman.ee\/fi\/faq\/","title":{"rendered":"KKK"},"content":{"rendered":"<div data-elementor-type=\"wp-page\" data-elementor-id=\"2760\" class=\"elementor elementor-2760\">\n\t\t\t\t\t\t\t\t\t<section class=\"elementor-section elementor-top-section elementor-element elementor-element-02944aa elementor-section-height-min-height elementor-section-boxed elementor-section-height-default elementor-section-items-middle\" data-id=\"02944aa\" data-element_type=\"section\" data-settings=\"{&quot;background_background&quot;:&quot;classic&quot;}\">\n\t\t\t\t\t\t\t<div class=\"elementor-background-overlay\"><\/div>\n\t\t\t\t\t\t\t<div class=\"elementor-container elementor-column-gap-default\">\n\t\t\t\t\t<div class=\"elementor-column elementor-col-100 elementor-top-column elementor-element elementor-element-fa5888e\" data-id=\"fa5888e\" data-element_type=\"column\">\n\t\t\t<div class=\"elementor-widget-wrap elementor-element-populated\">\n\t\t\t\t\t\t\t\t<div class=\"elementor-element elementor-element-67a8469 elementor-widget elementor-widget-heading\" data-id=\"67a8469\" data-element_type=\"widget\" data-widget_type=\"heading.default\">\n\t\t\t\t<div class=\"elementor-widget-container\">\n\t\t\t<style>\/*! elementor - v3.10.2 - 29-01-2023 *\/\n.elementor-heading-title{padding:0;margin:0;line-height:1}.elementor-widget-heading .elementor-heading-title[class*=elementor-size-]>a{color:inherit;font-size:inherit;line-height:inherit}.elementor-widget-heading .elementor-heading-title.elementor-size-small{font-size:15px}.elementor-widget-heading .elementor-heading-title.elementor-size-medium{font-size:19px}.elementor-widget-heading .elementor-heading-title.elementor-size-large{font-size:29px}.elementor-widget-heading .elementor-heading-title.elementor-size-xl{font-size:39px}.elementor-widget-heading .elementor-heading-title.elementor-size-xxl{font-size:59px}<\/style><h1 class=\"elementor-heading-title elementor-size-default\">UKK<\/h1>\t\t<\/div>\n\t\t\t\t<\/div>\n\t\t\t\t\t<\/div>\n\t\t<\/div>\n\t\t\t\t\t\t\t<\/div>\n\t\t<\/section>\n\t\t\t\t<section class=\"elementor-section elementor-top-section elementor-element elementor-element-df8166f elementor-section-content-middle elementor-section-boxed elementor-section-height-default elementor-section-height-default\" data-id=\"df8166f\" data-element_type=\"section\">\n\t\t\t\t\t\t<div class=\"elementor-container elementor-column-gap-default\">\n\t\t\t\t\t<div class=\"elementor-column elementor-col-50 elementor-top-column elementor-element elementor-element-670b1fb\" data-id=\"670b1fb\" data-element_type=\"column\">\n\t\t\t<div class=\"elementor-widget-wrap elementor-element-populated\">\n\t\t\t\t\t\t\t\t<div class=\"elementor-element elementor-element-1377f3d elementor-widget elementor-widget-toggle\" data-id=\"1377f3d\" data-element_type=\"widget\" data-widget_type=\"toggle.default\">\n\t\t\t\t<div class=\"elementor-widget-container\">\n\t\t\t<style>.elementor-toggle{text-align:left}.elementor-toggle .elementor-tab-title{font-weight:700;line-height:1;margin:0;padding:15px;border-bottom:1px solid #d4d4d4;cursor:pointer;outline:none}.elementor-toggle .elementor-tab-title .elementor-toggle-icon{display:inline-block;width:1em}.elementor-toggle .elementor-tab-title .elementor-toggle-icon svg{-webkit-margin-start:-5px;margin-inline-start:-5px;width:1em;height:1em}.elementor-toggle .elementor-tab-title .elementor-toggle-icon.elementor-toggle-icon-right{float:right;text-align:right}.elementor-toggle .elementor-tab-title .elementor-toggle-icon.elementor-toggle-icon-left{float:left;text-align:left}.elementor-toggle .elementor-tab-title .elementor-toggle-icon .elementor-toggle-icon-closed{display:block}.elementor-toggle .elementor-tab-title .elementor-toggle-icon .elementor-toggle-icon-opened{display:none}.elementor-toggle .elementor-tab-title.elementor-active{border-bottom:none}.elementor-toggle .elementor-tab-title.elementor-active .elementor-toggle-icon-closed{display:none}.elementor-toggle .elementor-tab-title.elementor-active .elementor-toggle-icon-opened{display:block}.elementor-toggle .elementor-tab-content{padding:15px;border-bottom:1px solid #d4d4d4;display:none}@media (max-width:767px){.elementor-toggle .elementor-tab-title{padding:12px}.elementor-toggle .elementor-tab-content{padding:12px 10px}}.e-con-inner>.elementor-widget-toggle,.e-con>.elementor-widget-toggle{width:var(--container-widget-width);--flex-grow:var(--container-widget-flex-grow)}<\/style>\t\t<div class=\"elementor-toggle\" role=\"tablist\">\n\t\t\t\t\t\t\t<div class=\"elementor-toggle-item\">\n\t\t\t\t\t<div id=\"elementor-tab-title-2041\" class=\"elementor-tab-title\" data-tab=\"1\" role=\"tab\" aria-controls=\"elementor-tab-content-2041\" aria-expanded=\"false\">\n\t\t\t\t\t\t\t\t\t\t\t\t<span class=\"elementor-toggle-icon elementor-toggle-icon-left\" aria-hidden=\"true\">\n\t\t\t\t\t\t\t\t\t\t\t\t\t\t\t<span class=\"elementor-toggle-icon-closed\"><i class=\"fas fa-caret-right\"><\/i><\/span>\n\t\t\t\t\t\t\t\t<span class=\"elementor-toggle-icon-opened\"><i class=\"elementor-toggle-icon-opened fas fa-caret-up\"><\/i><\/span>\n\t\t\t\t\t\t\t\t\t\t\t\t\t<\/span>\n\t\t\t\t\t\t\t\t\t\t\t\t<a href=\"\" class=\"elementor-toggle-title\">Mit\u00e4 henkil\u00f6st\u00f6vuokraus on?<\/a>\n\t\t\t\t\t<\/div>\n\n\t\t\t\t\t<div id=\"elementor-tab-content-2041\" class=\"elementor-tab-content elementor-clearfix\" data-tab=\"1\" role=\"tabpanel\" aria-labelledby=\"elementor-tab-title-2041\"><p>Henkil\u00f6st\u00f6vuokraus on tarvittavan ty\u00f6voiman rekrytointia toisesta yrityksest\u00e4 sinun yrityksesi k\u00e4ytt\u00f6\u00f6n.<\/p><\/div>\n\t\t\t\t<\/div>\n\t\t\t\t\t\t\t<div class=\"elementor-toggle-item\">\n\t\t\t\t\t<div id=\"elementor-tab-title-2042\" class=\"elementor-tab-title\" data-tab=\"2\" role=\"tab\" aria-controls=\"elementor-tab-content-2042\" aria-expanded=\"false\">\n\t\t\t\t\t\t\t\t\t\t\t\t<span class=\"elementor-toggle-icon elementor-toggle-icon-left\" aria-hidden=\"true\">\n\t\t\t\t\t\t\t\t\t\t\t\t\t\t\t<span class=\"elementor-toggle-icon-closed\"><i class=\"fas fa-caret-right\"><\/i><\/span>\n\t\t\t\t\t\t\t\t<span class=\"elementor-toggle-icon-opened\"><i class=\"elementor-toggle-icon-opened fas fa-caret-up\"><\/i><\/span>\n\t\t\t\t\t\t\t\t\t\t\t\t\t<\/span>\n\t\t\t\t\t\t\t\t\t\t\t\t<a href=\"\" class=\"elementor-toggle-title\">Miten henkil\u00f6st\u00f6vuokraus toimii? <\/a>\n\t\t\t\t\t<\/div>\n\n\t\t\t\t\t<div id=\"elementor-tab-content-2042\" class=\"elementor-tab-content elementor-clearfix\" data-tab=\"2\" role=\"tabpanel\" aria-labelledby=\"elementor-tab-title-2042\"><p>Ilmoitat meille, montako ty\u00f6ntekij\u00e4\u00e4 tarvitset ja millainen p\u00e4tevyys ty\u00f6ntekij\u00f6ill\u00e4 tulee olla. Etsimme sinulle ty\u00f6ntekij\u00e4t, joilla on sopiva p\u00e4tevyys, ja otamme heid\u00e4t virallisesti osaksi tiimi\u00e4mme. Ty\u00f6ntekij\u00e4t ryhtyv\u00e4t ty\u00f6skentelem\u00e4\u00e4n ty\u00f6maallasi\/tuotantolaitoksessasi ty\u00f6ntekij\u00f6iden vuokrasopimuksen perusteella. Voisiko olla helpompaa!<\/p><p>Koska ty\u00f6ntekij\u00e4t ovat virallisesti t\u00f6iss\u00e4 yrityksess\u00e4mme ja sinun yrityksesi vuokraa heid\u00e4t, sinun ei tarvitse huolehtia ty\u00f6nantajan teht\u00e4vist\u00e4 ja vastuista. Jos et ole tyytyv\u00e4inen ty\u00f6ntekij\u00e4\u00e4n, l\u00e4het\u00e4mme uuden.<\/p><\/div>\n\t\t\t\t<\/div>\n\t\t\t\t\t\t\t<div class=\"elementor-toggle-item\">\n\t\t\t\t\t<div id=\"elementor-tab-title-2043\" class=\"elementor-tab-title\" data-tab=\"3\" role=\"tab\" aria-controls=\"elementor-tab-content-2043\" aria-expanded=\"false\">\n\t\t\t\t\t\t\t\t\t\t\t\t<span class=\"elementor-toggle-icon elementor-toggle-icon-left\" aria-hidden=\"true\">\n\t\t\t\t\t\t\t\t\t\t\t\t\t\t\t<span class=\"elementor-toggle-icon-closed\"><i class=\"fas fa-caret-right\"><\/i><\/span>\n\t\t\t\t\t\t\t\t<span class=\"elementor-toggle-icon-opened\"><i class=\"elementor-toggle-icon-opened fas fa-caret-up\"><\/i><\/span>\n\t\t\t\t\t\t\t\t\t\t\t\t\t<\/span>\n\t\t\t\t\t\t\t\t\t\t\t\t<a href=\"\" class=\"elementor-toggle-title\">Kenelle henkil\u00f6st\u00f6vuokraus sopii?<\/a>\n\t\t\t\t\t<\/div>\n\n\t\t\t\t\t<div id=\"elementor-tab-content-2043\" class=\"elementor-tab-content elementor-clearfix\" data-tab=\"3\" role=\"tabpanel\" aria-labelledby=\"elementor-tab-title-2043\"><p><strong>Se sopii sinulle, kun<\/strong><\/p><ul><li>tarvitset tilap\u00e4ist\u00e4 ty\u00f6voimaa nopeasti<\/li><li>et tied\u00e4, mist\u00e4 ja miten rekrytoida henkil\u00f6st\u00f6\u00e4<\/li><li>et halua palkata yritykseesi lis\u00e4\u00e4 ty\u00f6ntekij\u00f6it\u00e4 etk\u00e4 olla heist\u00e4 vastuussa<\/li><li>sinua arveluttaa ulkomaisen ty\u00f6voiman palkkaaminen<\/li><li>olet kyll\u00e4stynyt tuhlaamaan aikaasi ja energiaasi henkil\u00f6st\u00f6n etsimiseen ja valintaan.<\/li><\/ul><\/div>\n\t\t\t\t<\/div>\n\t\t\t\t\t\t\t<div class=\"elementor-toggle-item\">\n\t\t\t\t\t<div id=\"elementor-tab-title-2044\" class=\"elementor-tab-title\" data-tab=\"4\" role=\"tab\" aria-controls=\"elementor-tab-content-2044\" aria-expanded=\"false\">\n\t\t\t\t\t\t\t\t\t\t\t\t<span class=\"elementor-toggle-icon elementor-toggle-icon-left\" aria-hidden=\"true\">\n\t\t\t\t\t\t\t\t\t\t\t\t\t\t\t<span class=\"elementor-toggle-icon-closed\"><i class=\"fas fa-caret-right\"><\/i><\/span>\n\t\t\t\t\t\t\t\t<span class=\"elementor-toggle-icon-opened\"><i class=\"elementor-toggle-icon-opened fas fa-caret-up\"><\/i><\/span>\n\t\t\t\t\t\t\t\t\t\t\t\t\t<\/span>\n\t\t\t\t\t\t\t\t\t\t\t\t<a href=\"\" class=\"elementor-toggle-title\">Mitk\u00e4 ovat henkil\u00f6st\u00f6vuokrauksen hy\u00f6dyt? <\/a>\n\t\t\t\t\t<\/div>\n\n\t\t\t\t\t<div id=\"elementor-tab-content-2044\" class=\"elementor-tab-content elementor-clearfix\" data-tab=\"4\" role=\"tabpanel\" aria-labelledby=\"elementor-tab-title-2044\"><ul><li>Ajan ja vaivan s\u00e4\u00e4st\u00e4minen: sinun ei tarvitse etsi\u00e4 ja valita henkil\u00f6st\u00f6\u00e4 itse<\/li><li>Vakituiseen henkil\u00f6st\u00f6\u00f6n liittyvien kustannusten v\u00e4hent\u00e4minen<\/li><li>Yrityksen verorasituksen minimoiminen jokaisen vuokratun ty\u00f6ntekij\u00e4n osalta<\/li><li>Yrityksen suojaaminen sakoilta ja oikeudenk\u00e4ynneilt\u00e4 ty\u00f6ntekij\u00f6iden kanssa<\/li><li>Tekij\u00f6iden m\u00e4\u00e4r\u00e4n lis\u00e4\u00e4minen muuttamatta yrityksesi henkil\u00f6st\u00f6n lukum\u00e4\u00e4r\u00e4\u00e4<\/li><li>Tilap\u00e4isen ja halvan ulkomaisen ty\u00f6voiman laillinen k\u00e4ytt\u00e4minen<\/li><\/ul><\/div>\n\t\t\t\t<\/div>\n\t\t\t\t\t\t\t<div class=\"elementor-toggle-item\">\n\t\t\t\t\t<div id=\"elementor-tab-title-2045\" class=\"elementor-tab-title\" data-tab=\"5\" role=\"tab\" aria-controls=\"elementor-tab-content-2045\" aria-expanded=\"false\">\n\t\t\t\t\t\t\t\t\t\t\t\t<span class=\"elementor-toggle-icon elementor-toggle-icon-left\" aria-hidden=\"true\">\n\t\t\t\t\t\t\t\t\t\t\t\t\t\t\t<span class=\"elementor-toggle-icon-closed\"><i class=\"fas fa-caret-right\"><\/i><\/span>\n\t\t\t\t\t\t\t\t<span class=\"elementor-toggle-icon-opened\"><i class=\"elementor-toggle-icon-opened fas fa-caret-up\"><\/i><\/span>\n\t\t\t\t\t\t\t\t\t\t\t\t\t<\/span>\n\t\t\t\t\t\t\t\t\t\t\t\t<a href=\"\" class=\"elementor-toggle-title\">Kuinka paljon henkil\u00f6st\u00f6n vuokrauspalvelusta veloitetaan? <\/a>\n\t\t\t\t\t<\/div>\n\n\t\t\t\t\t<div id=\"elementor-tab-content-2045\" class=\"elementor-tab-content elementor-clearfix\" data-tab=\"5\" role=\"tabpanel\" aria-labelledby=\"elementor-tab-title-2045\"><p>Henkil\u00f6st\u00f6n vuokraamisesta aiheutuvat kustannukset lasketaan kullekin ty\u00f6nantajalle erikseen, sill\u00e4 ty\u00f6voiman vuokraamisesta aiheutuvien kustannusten laskeminen perustuu tarvittavien ty\u00f6ntekij\u00f6iden m\u00e4\u00e4r\u00e4\u00e4n, heid\u00e4n p\u00e4tevyyteens\u00e4 ja heid\u00e4n tekem\u00e4ns\u00e4 ty\u00f6n m\u00e4\u00e4r\u00e4\u00e4n. Yksi on varmaa: se ei tule kalliimmaksi kuin vakituinen ammattitaitoinen ty\u00f6ntekij\u00e4.<\/p><\/div>\n\t\t\t\t<\/div>\n\t\t\t\t\t\t\t\t<\/div>\n\t\t\t\t<\/div>\n\t\t\t\t<\/div>\n\t\t\t\t\t<\/div>\n\t\t<\/div>\n\t\t\t\t<div class=\"elementor-column elementor-col-50 elementor-top-column elementor-element elementor-element-61c1325\" data-id=\"61c1325\" data-element_type=\"column\">\n\t\t\t<div class=\"elementor-widget-wrap elementor-element-populated\">\n\t\t\t\t\t\t\t\t<div class=\"elementor-element elementor-element-5d6d5e7 elementor-widget elementor-widget-image\" data-id=\"5d6d5e7\" data-element_type=\"widget\" data-widget_type=\"image.default\">\n\t\t\t\t<div class=\"elementor-widget-container\">\n\t\t\t<style>\/*! elementor - v3.10.2 - 29-01-2023 *\/\n.elementor-widget-image{text-align:center}.elementor-widget-image a{display:inline-block}.elementor-widget-image a img[src$=\".svg\"]{width:48px}.elementor-widget-image img{vertical-align:middle;display:inline-block}<\/style>\t\t\t\t\t\t\t\t\t\t\t\t<img decoding=\"async\" width=\"1125\" height=\"750\" src=\"https:\/\/www.akerman.ee\/wp-content\/uploads\/2023\/02\/pexels-photo-7793699.webp\" class=\"attachment-full size-full wp-image-2783\" alt=\"\" loading=\"lazy\" srcset=\"https:\/\/www.akerman.ee\/wp-content\/uploads\/2023\/02\/pexels-photo-7793699.webp 1125w, https:\/\/www.akerman.ee\/wp-content\/uploads\/2023\/02\/pexels-photo-7793699-300x200.webp 300w, https:\/\/www.akerman.ee\/wp-content\/uploads\/2023\/02\/pexels-photo-7793699-1024x683.webp 1024w, https:\/\/www.akerman.ee\/wp-content\/uploads\/2023\/02\/pexels-photo-7793699-768x512.webp 768w\" sizes=\"(max-width: 1125px) 100vw, 1125px\" \/>\t\t\t\t\t\t\t\t\t\t\t\t\t\t\t<\/div>\n\t\t\t\t<\/div>\n\t\t\t\t\t<\/div>\n\t\t<\/div>\n\t\t\t\t\t\t\t<\/div>\n\t\t<\/section>\n\t\t\t\t\t\t\t<\/div>","protected":false},"excerpt":{"rendered":"<p>\u041e\u0442\u0432\u0435\u0442\u044b \u043d\u0430 \u0432\u0430\u0448\u0438 \u0432\u043e\u043f\u0440\u043e\u0441\u044b \u0427\u0442\u043e \u0442\u0430\u043a\u043e\u0435 \u0430\u0440\u0435\u043d\u0434\u0430 \u0440\u0430\u0431\u043e\u0442\u043d\u0438\u043a\u043e\u0432? \u0410\u0440\u0435\u043d\u0434\u0430 \u0440\u0430\u0431\u043e\u0442\u043d\u0438\u043a\u043e\u0432 \u2014 \u044d\u0442\u043e \u043f\u0440\u043e\u0446\u0435\u0441\u0441 \u043d\u0430\u0439\u043c\u0430 \u043d\u0435\u043e\u0431\u0445\u043e\u0434\u0438\u043c\u043e\u0439 \u0432\u0430\u043c \u0440\u0430\u0431\u043e\u0447\u0435\u0439 \u0441\u0438\u043b\u044b \u0443 \u0434\u0440\u0443\u0433\u043e\u0439 \u043a\u043e\u043c\u043f\u0430\u043d\u0438\u0438 \u0434\u043b\u044f \u0432\u044b\u043f\u043e\u043b\u043d\u0435\u043d\u0438\u044f \u0432\u0430\u0448\u0435\u0439 \u0440\u0430\u0431\u043e\u0442\u044b. \u041a\u0430\u043a \u043f\u0440\u043e\u0438\u0441\u0445\u043e\u0434\u0438\u0442 \u0430\u0440\u0435\u043d\u0434\u0430 \u0440\u0430\u0431\u043e\u0442\u043d\u0438\u043a\u043e\u0432? \u0412\u044b \u0441\u043e\u043e\u0431\u0449\u0430\u0435\u0442\u0435, \u0441\u043a\u043e\u043b\u044c\u043a\u043e \u0440\u0430\u0431\u043e\u0447\u0435\u0439 \u0441\u0438\u043b\u044b \u0432\u0430\u043c \u0442\u0440\u0435\u0431\u0443\u0435\u0442\u0441\u044f \u0438 \u0441 \u043a\u0430\u043a\u043e\u0439 \u043a\u0432\u0430\u043b\u0438\u0444\u0438\u043a\u0430\u0446\u0438\u0435\u0439. \u041c\u044b \u043d\u0430\u0445\u043e\u0434\u0438\u043c \u0434\u043b\u044f \u0432\u0430\u0441 \u043f\u0435\u0440\u0441\u043e\u043d\u0430\u043b \u0441 \u043f\u043e\u0434\u0445\u043e\u0434\u044f\u0449\u0435\u0439 \u043a\u0432\u0430\u043b\u0438\u0444\u0438\u043a\u0430\u0446\u0438\u0435\u0439 \u0438 \u043e\u0444\u0438\u0446\u0438\u0430\u043b\u044c\u043d\u043e \u043e\u0444\u043e\u0440\u043c\u043b\u044f\u0435\u043c \u0435\u0433\u043e \u0432 \u043d\u0430\u0448 \u0448\u0442\u0430\u0442. &hellip;<\/p>\n<p class=\"read-more\"> <a class=\"\" href=\"https:\/\/www.akerman.ee\/fi\/faq\/\"> <span class=\"screen-reader-text\">KKK<\/span> Lue lis\u00e4\u00e4 &raquo;<\/a><\/p>","protected":false},"author":1,"featured_media":2643,"parent":0,"menu_order":0,"comment_status":"closed","ping_status":"closed","template":"","meta":{"site-sidebar-layout":"no-sidebar","site-content-layout":"page-builder","ast-global-header-display":"","ast-main-header-display":"","ast-hfb-above-header-display":"","ast-hfb-below-header-display":"","ast-hfb-mobile-header-display":"","site-post-title":"disabled","ast-breadcrumbs-content":"","ast-featured-img":"disabled","footer-sml-layout":"","theme-transparent-header-meta":"","adv-header-id-meta":"","stick-header-meta":"","header-above-stick-meta":"","header-main-stick-meta":"","header-below-stick-meta":""},"_links":{"self":[{"href":"https:\/\/www.akerman.ee\/fi\/wp-json\/wp\/v2\/pages\/2760"}],"collection":[{"href":"https:\/\/www.akerman.ee\/fi\/wp-json\/wp\/v2\/pages"}],"about":[{"href":"https:\/\/www.akerman.ee\/fi\/wp-json\/wp\/v2\/types\/page"}],"author":[{"embeddable":true,"href":"https:\/\/www.akerman.ee\/fi\/wp-json\/wp\/v2\/users\/1"}],"replies":[{"embeddable":true,"href":"https:\/\/www.akerman.ee\/fi\/wp-json\/wp\/v2\/comments?post=2760"}],"version-history":[{"count":32,"href":"https:\/\/www.akerman.ee\/fi\/wp-json\/wp\/v2\/pages\/2760\/revisions"}],"predecessor-version":[{"id":2826,"href":"https:\/\/www.akerman.ee\/fi\/wp-json\/wp\/v2\/pages\/2760\/revisions\/2826"}],"wp:featuredmedia":[{"embeddable":true,"href":"https:\/\/www.akerman.ee\/fi\/wp-json\/wp\/v2\/media\/2643"}],"wp:attachment":[{"href":"https:\/\/www.akerman.ee\/fi\/wp-json\/wp\/v2\/media?parent=2760"}],"curies":[{"name":"wp","href":"https:\/\/api.w.org\/{rel}","templated":true}]}}